{"id":386,"date":"2024-07-08T15:59:24","date_gmt":"2024-07-08T13:59:24","guid":{"rendered":"https:\/\/jogommobles.com\/?post_type=product&#038;p=386"},"modified":"2024-07-08T16:02:21","modified_gmt":"2024-07-08T14:02:21","slug":"columna-bano","status":"publish","type":"product","link":"https:\/\/jogommobles.com\/ca\/producte\/columna-bano\/","title":{"rendered":"Columna bany"},"content":{"rendered":"<p>Aquesta columna suspesa ha estat dissenyada per combinar de manera ideal amb<br>qualsevol altre moble de bany Jogom. Tria b\u00e9 on situar-la i veur\u00e0s quant<br>partit el treus.<\/p><p>El resultat del conjunt s\u00f3n unes l\u00ednies pures i netes que aporten calidesa a<br>alhora que practicitat al teu espai m\u00e9s privat.<\/p><p>Les mides s\u00f3n de 150 cm de llarg x 30 cm d&#039;amplada x 25 cm de fons.<br>el color a conjunt del teu moble.<\/p>","protected":false},"excerpt":{"rendered":"<p>Columna suspesa dissenyada per complementar qualsevol moble de bany Jogom. Les seves l\u00ednies pures i netes ofereixen calidesa i practicitat al bany. Dimensions: 150 cm de llargada, 30 cm d&#039;amplada i 25 cm de fons. Disponible en diversos colors a joc.<\/p>","protected":false},"featured_media":393,"template":"","meta":{"_joinchat":[]},"product_brand":[],"product_cat":[41],"product_tag":[],"class_list":{"0":"post-386","1":"product","2":"type-product","3":"status-publish","4":"has-post-thumbnail","6":"product_cat-columnas","8":"first","9":"instock","10":"taxable","11":"shipping-taxable","12":"purchasable","13":"product-type-variable"},"_links":{"self":[{"href":"https:\/\/jogommobles.com\/ca\/wp-json\/wp\/v2\/product\/386","targetHints":{"allow":["GET"]}}],"collection":[{"href":"https:\/\/jogommobles.com\/ca\/wp-json\/wp\/v2\/product"}],"about":[{"href":"https:\/\/jogommobles.com\/ca\/wp-json\/wp\/v2\/types\/product"}],"wp:featuredmedia":[{"embeddable":true,"href":"https:\/\/jogommobles.com\/ca\/wp-json\/wp\/v2\/media\/393"}],"wp:attachment":[{"href":"https:\/\/jogommobles.com\/ca\/wp-json\/wp\/v2\/media?parent=386"}],"wp:term":[{"taxonomy":"product_brand","embeddable":true,"href":"https:\/\/jogommobles.com\/ca\/wp-json\/wp\/v2\/product_brand?post=386"},{"taxonomy":"product_cat","embeddable":true,"href":"https:\/\/jogommobles.com\/ca\/wp-json\/wp\/v2\/product_cat?post=386"},{"taxonomy":"product_tag","embeddable":true,"href":"https:\/\/jogommobles.com\/ca\/wp-json\/wp\/v2\/product_tag?post=386"}],"curies":[{"name":"wp","href":"https:\/\/api.w.org\/{rel}","templated":true}]}}