{"id":457,"date":"2024-07-08T17:33:00","date_gmt":"2024-07-08T15:33:00","guid":{"rendered":"https:\/\/jogommobles.com\/?post_type=product&#038;p=457"},"modified":"2024-07-24T15:33:44","modified_gmt":"2024-07-24T13:33:44","slug":"mueble-de-bano-premium-mapuche","status":"publish","type":"product","link":"https:\/\/jogommobles.com\/ca\/producte\/mueble-de-bano-premium-mapuche\/","title":{"rendered":"Moble de bany Premium \u2013 Mapuche"},"content":{"rendered":"<p>Els mobles de bany de la marca <strong>Jogom<\/strong> sempre s\u00f3n \u00fanics per la composici\u00f3 i la forma.\u00a0<br>Les mides del moble s\u00f3n de\u00a0<strong>60\/80\/100 cm<\/strong> d&#039;amplada x 45 cm de fons x 55 cm d&#039;al\u00e7ada.<br><br><strong><em>Composici\u00f3<\/em><\/strong>: Per generar major robustesa al m\u00f2dul, Jogom fabrica aquest\u00a0<strong>moble\u00a0<\/strong>amb <strong>materials d&#039;alt\u00edssima qualitat<\/strong>. Tauler de part\u00edcules 2 capes Finsa, frontals i laterals exteriors de 19 mm, laterals interiors de 16 mm. \u00c9s un moble amb doble estructura i\u00a0<strong>2 calaixos\u00a0<\/strong>amb ferratges i guies Blum originals, de tancament progressiu i interior met\u00e0l\u00b7lic gris amb dos refor\u00e7os superiors d&#039;alumini a la part interior.<br><br><strong><em>Acabats<\/em>:<\/strong> El pots triar en 5 colors diferents; 4 laminats: <strong><em>Roure, Pedra, Maputxe, o Borgonya<\/em><\/strong>, i un lacat mat com \u00e9s el cl\u00e0ssic <strong>blanc<\/strong>. Amb 3 tiradors diferents: <strong><em>inoxidable, negre o daurat<\/em><\/strong>.<br><br><strong><em>Instal\u00b7laci\u00f3<\/em><\/strong>: El moble t&#039;arribar\u00e0 a casa completament\u00a0<strong>ensamblat\u00a0<\/strong>de manera que no haur\u00e0s de muntar-lo a casa, nom\u00e9s instal\u00b7lar-lo al teu nou bany. La seva col\u00b7locaci\u00f3 \u00e9s suspesa.<br><br>Un moble de bany modern i exclusiu per a la teva estada.<\/p>","protected":false},"excerpt":{"rendered":"<p>El moble de bany de Jogom \u00e9s \u00fanic en composici\u00f3 i disseny. Amb mides de 60\/80\/100 cm d&#039;amplada, 45 cm de fons i 55 cm d&#039;al\u00e7ada, ofereix robustesa i qualitat. Fabricat amb tauler de part\u00edcules Finsa i frontals i laterals exteriors de 19 mm, compta amb un segellat herm\u00e8tic amb cua de poliuret\u00e0. Inclou 2 calaixos amb ferratges i guies Blum de tancament progressiu i interior met\u00e0l\u00b7lic gris amb refor\u00e7os d&#039;alumini. Disponible en 5 acabats i 3 tipus de tiradors. S&#039;entrega completament acoblat per a f\u00e0cil instal\u00b7laci\u00f3 suspesa. Ideal per a un bany modern i exclusiu.<\/p>","protected":false},"featured_media":150,"template":"","meta":{"_joinchat":[]},"product_brand":[],"product_cat":[43],"product_tag":[38,37,45],"class_list":{"0":"post-457","1":"product","2":"type-product","3":"status-publish","4":"has-post-thumbnail","6":"product_cat-muebles-premium","7":"product_tag-2-cajones","8":"product_tag-mueble-de-bano","9":"product_tag-premium","11":"first","12":"instock","13":"taxable","14":"shipping-taxable","15":"purchasable","16":"product-type-variable"},"_links":{"self":[{"href":"https:\/\/jogommobles.com\/ca\/wp-json\/wp\/v2\/product\/457","targetHints":{"allow":["GET"]}}],"collection":[{"href":"https:\/\/jogommobles.com\/ca\/wp-json\/wp\/v2\/product"}],"about":[{"href":"https:\/\/jogommobles.com\/ca\/wp-json\/wp\/v2\/types\/product"}],"wp:featuredmedia":[{"embeddable":true,"href":"https:\/\/jogommobles.com\/ca\/wp-json\/wp\/v2\/media\/150"}],"wp:attachment":[{"href":"https:\/\/jogommobles.com\/ca\/wp-json\/wp\/v2\/media?parent=457"}],"wp:term":[{"taxonomy":"product_brand","embeddable":true,"href":"https:\/\/jogommobles.com\/ca\/wp-json\/wp\/v2\/product_brand?post=457"},{"taxonomy":"product_cat","embeddable":true,"href":"https:\/\/jogommobles.com\/ca\/wp-json\/wp\/v2\/product_cat?post=457"},{"taxonomy":"product_tag","embeddable":true,"href":"https:\/\/jogommobles.com\/ca\/wp-json\/wp\/v2\/product_tag?post=457"}],"curies":[{"name":"wp","href":"https:\/\/api.w.org\/{rel}","templated":true}]}}